{"id":1439,"date":"2020-02-07T13:54:45","date_gmt":"2020-02-07T12:54:45","guid":{"rendered":"http:\/\/www.damensattel-ooe.at\/?page_id=1439"},"modified":"2020-06-17T17:02:51","modified_gmt":"2020-06-17T16:02:51","slug":"ladies-cup-2020","status":"publish","type":"page","link":"https:\/\/www.damensattel-ooe.at\/?page_id=1439","title":{"rendered":"Ladies Cup 2020"},"content":{"rendered":"<p><img loading=\"lazy\" decoding=\"async\" class=\"alignleft wp-image-473\" src=\"https:\/\/www.damensattel-ooe.at\/cms\/wp-content\/uploads\/2015\/02\/Pokal-Ladies-Cup-690x1024.jpg\" alt=\"\" width=\"200\" height=\"296\" srcset=\"https:\/\/www.damensattel-ooe.at\/cms\/wp-content\/uploads\/2015\/02\/Pokal-Ladies-Cup-690x1024.jpg 690w, https:\/\/www.damensattel-ooe.at\/cms\/wp-content\/uploads\/2015\/02\/Pokal-Ladies-Cup-202x300.jpg 202w, https:\/\/www.damensattel-ooe.at\/cms\/wp-content\/uploads\/2015\/02\/Pokal-Ladies-Cup.jpg 1537w\" sizes=\"auto, (max-width: 200px) 100vw, 200px\" \/>Ladies Cup 2020<\/p>\n<p>Auf Grund der vielen Terminverschiebungen wegen des Coronavirus kann der Ladies Cup heuer nicht ausgetragen werden. 2020 hat sozusagen COVID-19 gewonnen.<br \/>\nSehen wir dieses Jahr als eine besonders intensive Trainingsm\u00f6glichkeit und starten n\u00e4chstes Jahr bestens vorbereitet in die Saison! 2021 gibt es nat\u00fcrlich wieder den Ladies Cup! &#8211; und erstmals hoffentlich auch eine ober\u00f6sterreichische Meisterschaft im Damensattel! <span class=\"_5mfr\"><span class=\"_6qdm\">\ud83e\udd17<\/span><\/span><\/p>\n<div class=\"text_exposed_show\">\n<p>Also: flei\u00dfig trainieren, damit n\u00e4chstes Jahr alle fit sind!<\/p>\n<\/div>\n<p>&nbsp;<\/p>\n<p><a href=\"https:\/\/www.damensattel-ooe.at\/?page_id=1299\"><span style=\"color: #0000ff;\">Ladies Cup 2019<\/span><\/a>,\u00a0<span style=\"color: #0000ff;\"><a style=\"color: #0000ff;\" href=\"https:\/\/www.damensattel-ooe.at\/?page_id=1115\">Ladies Cup 2018<\/a><\/span>,\u00a0<a href=\"https:\/\/www.damensattel-ooe.at\/?page_id=779\"><span style=\"color: #0000ff;\">Ladies Cup 2017<\/span><\/a>, <span style=\"color: #0000ff;\"><a style=\"color: #0000ff;\" href=\"https:\/\/www.damensattel-ooe.at\/?page_id=550\">Ladies Cup 2016<\/a><\/span>, <span style=\"color: #0000ff;\"><a style=\"color: #0000ff;\" href=\"https:\/\/www.damensattel-ooe.at\/?page_id=445\">Ladies Cup 2015<\/a><\/span><\/p>\n","protected":false},"excerpt":{"rendered":"<p>Ladies Cup 2020 Auf Grund der vielen Terminverschiebungen wegen des Coronavirus kann der Ladies Cup heuer nicht ausgetragen werden. 2020 hat sozusagen COVID-19 gewonnen. Sehen wir dieses Jahr als eine [&hellip;]<\/p>\n","protected":false},"author":1,"featured_media":0,"parent":0,"menu_order":0,"comment_status":"closed","ping_status":"closed","template":"","meta":{"footnotes":""},"class_list":["post-1439","page","type-page","status-publish","hentry"],"_links":{"self":[{"href":"https:\/\/www.damensattel-ooe.at\/index.php?rest_route=\/wp\/v2\/pages\/1439","targetHints":{"allow":["GET"]}}],"collection":[{"href":"https:\/\/www.damensattel-ooe.at\/index.php?rest_route=\/wp\/v2\/pages"}],"about":[{"href":"https:\/\/www.damensattel-ooe.at\/index.php?rest_route=\/wp\/v2\/types\/page"}],"author":[{"embeddable":true,"href":"https:\/\/www.damensattel-ooe.at\/index.php?rest_route=\/wp\/v2\/users\/1"}],"replies":[{"embeddable":true,"href":"https:\/\/www.damensattel-ooe.at\/index.php?rest_route=%2Fwp%2Fv2%2Fcomments&post=1439"}],"version-history":[{"count":16,"href":"https:\/\/www.damensattel-ooe.at\/index.php?rest_route=\/wp\/v2\/pages\/1439\/revisions"}],"predecessor-version":[{"id":1466,"href":"https:\/\/www.damensattel-ooe.at\/index.php?rest_route=\/wp\/v2\/pages\/1439\/revisions\/1466"}],"wp:attachment":[{"href":"https:\/\/www.damensattel-ooe.at\/index.php?rest_route=%2Fwp%2Fv2%2Fmedia&parent=1439"}],"curies":[{"name":"wp","href":"https:\/\/api.w.org\/{rel}","templated":true}]}}